{"id":2888,"date":"2017-12-11T10:27:37","date_gmt":"2017-12-11T10:27:37","guid":{"rendered":"http:\/\/brandexponents.com\/oshin\/v31\/?page_id=2888"},"modified":"2026-03-27T00:14:49","modified_gmt":"2026-03-27T00:14:49","slug":"contacto","status":"publish","type":"page","link":"https:\/\/lucianacabanasboutique.com\/en\/contacto\/","title":{"rendered":"Contact"},"content":{"rendered":"<div  class=\"tatsu-fqp8z3b0zr7xzlbm tatsu-section  tatsu-bg-overlay   tatsu-clearfix\" data-title=\"\"  data-headerscheme=\"background--dark\"><div class='tatsu-section-pad clearfix' data-padding='{\"d\":\"150px 0% 150px 0% \"}' data-padding-top='150px'><div class=\"tatsu-row-wrap  tatsu-wrap tatsu-row-one-col tatsu-row-has-one-cols tatsu-medium-gutter tatsu-reg-cols  tatsu-clearfix tatsu-fqp8z3b10nafg5j\" ><div  class=\"tatsu-row \" ><div  class=\"tatsu-column  tatsu-column-no-bg tatsu-one-col tatsu-column-image-none tatsu-column-effect-none  tatsu-fqp8z3b1118llzu8\"  data-parallax-speed=\"0\" style=\"\"><div class=\"tatsu-column-inner \" ><div class=\"tatsu-column-pad-wrap\"><div class=\"tatsu-column-pad\" ><div  class=\"tatsu-module tatsu-inline-text clearfix tatsu-fqp8z3b11qeb92l0   \" ><style>.tatsu-fqp8z3b11qeb92l0 .tatsu-inline-text-inner{width: 100%;text-align: center;}<\/style><div class=\"tatsu-inline-text-inner tatsu-align-center\">\n<h1><span style=\"color: #ffffff;\">Cont\u00e1ctanos<\/span><\/h1>\n<\/div><\/div><\/div><\/div><div class = \"tatsu-column-bg-image-wrap\"><div class = \"tatsu-column-bg-image\" ><\/div><\/div><\/div><style>.tatsu-row > .tatsu-fqp8z3b1118llzu8.tatsu-column{width: 100%;}.tatsu-fqp8z3b1118llzu8.tatsu-column > .tatsu-column-inner > .tatsu-column-overlay{mix-blend-mode: none;}.tatsu-fqp8z3b1118llzu8 > .tatsu-column-inner > .tatsu-top-divider{z-index: 9999;}.tatsu-fqp8z3b1118llzu8 > .tatsu-column-inner > .tatsu-bottom-divider{z-index: 9999;}.tatsu-fqp8z3b1118llzu8 > .tatsu-column-inner > .tatsu-left-divider{z-index: 9999;}.tatsu-fqp8z3b1118llzu8 > .tatsu-column-inner > .tatsu-right-divider{z-index: 9999;}@media only screen and (max-width:1377px) {.tatsu-row > .tatsu-fqp8z3b1118llzu8.tatsu-column{width: 100%;}}@media only screen and (min-width:768px) and (max-width: 1024px) {.tatsu-row > .tatsu-fqp8z3b1118llzu8.tatsu-column{width: 100%;}}@media only screen and (max-width: 767px) {.tatsu-row > .tatsu-fqp8z3b1118llzu8.tatsu-column{width: 100%;}}<\/style><\/div><\/div><\/div><\/div><div class=\"tatsu-section-background-wrap\"><div class = \"tatsu-section-background\" ><\/div><\/div><div class=\"tatsu-overlay tatsu-section-overlay\"><\/div><style>.tatsu-fqp8z3b0zr7xzlbm.tatsu-section{background-color: rgba(29,29,29,1);}.tatsu-fqp8z3b0zr7xzlbm .tatsu-section-background{background-image: url(http:\/\/lucianacabanasboutique.com\/wp-content\/uploads\/2021\/08\/NIV0268-scaled.jpg);background-repeat: no-repeat;background-attachment: scroll;background-position: bottom center;background-size: cover;}.tatsu-fqp8z3b0zr7xzlbm .tatsu-bg-blur{background-repeat: no-repeat;background-attachment: scroll;background-position: bottom center;background-size: cover;}.tatsu-fqp8z3b0zr7xzlbm{border-width: 0px 0px px 0px;border-style: solid;}.tatsu-fqp8z3b0zr7xzlbm .tatsu-section-pad{padding: 150px 0% 150px 0% ;}.tatsu-fqp8z3b0zr7xzlbm > .tatsu-bottom-divider{z-index: 9999;}.tatsu-fqp8z3b0zr7xzlbm > .tatsu-top-divider{z-index: 9999;}.tatsu-fqp8z3b0zr7xzlbm .tatsu-section-overlay{background: rgba(0,0,0,0.6);mix-blend-mode: normal;}<\/style><\/div><div  class=\"tatsu-H1HfBkvMY tatsu-section    tatsu-clearfix\" data-title=\"\"  data-headerscheme=\"background--dark\"><div class='tatsu-section-pad clearfix' data-padding='{\"d\":\"90px 0% 90px 0%\"}' data-padding-top='90px'><div class=\"tatsu-row-wrap  tatsu-wrap tatsu-row-has-two-cols tatsu-medium-gutter tatsu-reg-cols  tatsu-clearfix tatsu-SylSMBywfK\" ><div  class=\"tatsu-row \" ><div  class=\"tatsu-column  tatsu-column-no-bg tatsu-one-third tatsu-column-image-none tatsu-column-effect-none  tatsu-rkZrGryPzY\"  data-parallax-speed=\"0\" style=\"\"><div class=\"tatsu-column-inner \" ><div class=\"tatsu-column-pad-wrap\"><div class=\"tatsu-column-pad\" ><div  class=\"tatsu-module tatsu-text-block-wrap tatsu-rkzSGrywGK  \"><div class=\"tatsu-text-inner tatsu-align-center  clearfix\" ><style>.tatsu-rkzSGrywGK.tatsu-text-block-wrap .tatsu-text-inner{text-align: left;color: rgba(134,53,34,1) ;}.tatsu-rkzSGrywGK .tatsu-text-inner *{color: rgba(134,53,34,1) ;}<\/style>\n<h6><strong>Contacto<\/strong><\/h6>\n<\/div><\/div><ul  class=\"tatsu-module tatsu-list tatsu-BJQHfr1PfK    tatsu-list-vertical-align-center tatsu-lists-icon\" ><style>.tatsu-BJQHfr1PfK{margin: 0 0 60px 0;}.tatsu-BJQHfr1PfK .tatsu-list-content{margin: 0 0 12px 0px;}.tatsu-BJQHfr1PfK .tatsu-list-content::before, .tatsu-BJQHfr1PfK .tatsu-icon{color: rgba(34,147,215,1) ;}<\/style><li  class=\"tatsu-list-content tatsu-SJ4HzSJwfY   \" ><div class=\"tatsu-list-icon-wrap\" ><i class=\"tatsu-icon icon-icon_house \"><\/i><\/div><div class=\"tatsu-list-inner\">\n<p>Guateque, Boyac\u00e1<\/p>\n<\/div><style>.tatsu-SJ4HzSJwfY .tatsu-icon, .tatsu-SJ4HzSJwfY.tatsu-list-content::before{color: rgba(134,53,34,1) ;}.tatsu-SJ4HzSJwfY{border-style: solid;}<\/style><\/li><li  class=\"tatsu-list-content tatsu-rkSBGSkwGt   \" ><div class=\"tatsu-list-icon-wrap\" ><i class=\"tatsu-icon icon-icon_phone \"><\/i><\/div><div class=\"tatsu-list-inner\">\n<p>3202605355<\/p>\n<\/div><style>.tatsu-rkSBGSkwGt .tatsu-icon, .tatsu-rkSBGSkwGt.tatsu-list-content::before{color: rgba(134,53,34,1) ;}.tatsu-rkSBGSkwGt{border-style: solid;}<\/style><\/li><li  class=\"tatsu-list-content tatsu-SyIrfSkPGK   \" ><div class=\"tatsu-list-icon-wrap\" ><i class=\"tatsu-icon icon-icon_mail \"><\/i><\/div><div class=\"tatsu-list-inner\">\n<p><a href=\"mailto:lucianacabanasboutique@gmail.com\">lucianacabanasboutique@gmail.com<\/a><\/p>\n<\/div><style>.tatsu-SyIrfSkPGK .tatsu-icon, .tatsu-SyIrfSkPGK.tatsu-list-content::before{color: rgba(134,53,34,1) ;}.tatsu-SyIrfSkPGK{border-style: solid;}<\/style><\/li><\/ul><div  class=\"tatsu-module tatsu-text-block-wrap tatsu-HkwrfrJDMK  \"><div class=\"tatsu-text-inner tatsu-align-center  clearfix\" ><style>.tatsu-HkwrfrJDMK.tatsu-text-block-wrap .tatsu-text-inner{text-align: left;color: rgba(134,53,34,1) ;}.tatsu-HkwrfrJDMK .tatsu-text-inner *{color: rgba(134,53,34,1) ;}<\/style>\n<h6><strong>Ubicaci\u00f3n<\/strong><\/h6>\n<\/div><\/div><div id = \"\" class=\"tatsu-code tatsu-module tatsu-H13MUgufY   \"  ><iframe loading=\"lazy\" title=\"mapa de guateque boyac\u00e1\" style=\"border: 0;\" src=\"https:\/\/www.google.com\/maps\/embed?pb=!1m14!1m8!1m3!1d15898.296127492364!2d-73.4654628!3d5.0101765!3m2!1i1024!2i768!4f13.1!3m3!1m2!1s0x0%3A0x2103a5ce6cf61220!2sLa%20Luciana!5e0!3m2!1ses-419!2sco!4v1630385448451!5m2!1ses-419!2sco\" allowfullscreen=\"allowfullscreen\" width=\"100%\" height=\"400\"><\/iframe><\/p>\n<\/div><\/div><\/div><div class = \"tatsu-column-bg-image-wrap\"><div class = \"tatsu-column-bg-image\" ><\/div><\/div><\/div><style>.tatsu-row > .tatsu-rkZrGryPzY.tatsu-column{width: 43.7%;}.tatsu-rkZrGryPzY.tatsu-column > .tatsu-column-inner > .tatsu-column-overlay{mix-blend-mode: none;}.tatsu-rkZrGryPzY > .tatsu-column-inner > .tatsu-top-divider{z-index: 9999;}.tatsu-rkZrGryPzY > .tatsu-column-inner > .tatsu-bottom-divider{z-index: 9999;}.tatsu-rkZrGryPzY > .tatsu-column-inner > .tatsu-left-divider{z-index: 9999;}.tatsu-rkZrGryPzY > .tatsu-column-inner > .tatsu-right-divider{z-index: 9999;}@media only screen and (max-width: 767px) {.tatsu-row > .tatsu-rkZrGryPzY.tatsu-column{width: 100%;}}<\/style><\/div><div  class=\"tatsu-column  tatsu-column-no-bg tatsu-two-third tatsu-column-image-none tatsu-column-effect-none  tatsu-ryFSGB1wzt\"  data-parallax-speed=\"0\" style=\"\"><div class=\"tatsu-column-inner \" ><div class=\"tatsu-column-pad-wrap\"><div class=\"tatsu-column-pad\" ><div  class=\"tatsu-module tatsu-inline-text clearfix tatsu-ry9BGB1PMF   \" ><style>.tatsu-ry9BGB1PMF .tatsu-inline-text-inner{width: 100%;text-align: left;}.tatsu-ry9BGB1PMF.tatsu-inline-text{margin: 0px 0px 10px 0px;}@media only screen and (max-width: 767px) {.tatsu-ry9BGB1PMF .tatsu-inline-text-inner{width: 100%;}}<\/style><div class=\"tatsu-inline-text-inner tatsu-align-center\">\n<h5><strong><span class=\"palette-0\">Te ayudamos con tu reserva<\/span><br \/>\n<\/strong><\/h5>\n<\/div><\/div><div  class=\"tatsu-module tatsu-inline-text clearfix tatsu-SysSfHJwfY   \" ><style>.tatsu-SysSfHJwfY .tatsu-inline-text-inner{width: 100%;text-align: left;}@media only screen and (max-width: 767px) {.tatsu-SysSfHJwfY .tatsu-inline-text-inner{width: 100%;}}<\/style><div class=\"tatsu-inline-text-inner tatsu-align-center\">\n<p>Si est\u00e1s interesado en alquilar alguna de nuestras caba\u00f1as o necesitas m\u00e1s informaci\u00f3n, no dudes en escribirnos.<\/p>\n<\/div><\/div>        <div  class = \"tatsu-wp-forms tatsu-module  tatsu-HklmrJDGF \" >\r\n            <style>.tatsu-HklmrJDGF.tatsu-wp-forms .wpforms-container-full .wpforms-form input:not([type=\"submit\"]), \r\n                            .tatsu-HklmrJDGF.tatsu-wp-forms .wpforms-container-full .wpforms-form textarea, \r\n                            .tatsu-HklmrJDGF.tatsu-wp-forms div.wpforms-container-full .wpforms-form select{color: rgba(0,0,0,1) ;}.tatsu-HklmrJDGF.tatsu-wp-forms .wpforms-container-full .wpforms-form .wpforms-field-label, \r\n                            .tatsu-HklmrJDGF ::-webkit-input-placeholder,\r\n                            .tatsu-HklmrJDGF.tatsu-wp-forms .wpforms-container-full .wpforms-form .wpforms-field-label-inline{color: rgba(0,0,0,1) ;}.tatsu-HklmrJDGF.tatsu-wp-forms div.wpforms-container-full .wpforms-form button[type=submit]{background-color: rgba(134,53,34,1);}.tatsu-HklmrJDGF{border-width: 0px 0px 0px 0px;border-style: solid;}<\/style>            <div class = \"tatsu-wp-forms-inner tatsu-wp-form-border-with-underline tatsu-wp-form-submit-rounded-block\">\r\n                <div class=\"wpforms-container wpforms-container-full\" id=\"wpforms-3482\"><form id=\"wpforms-form-3482\" class=\"wpforms-validate wpforms-form wpforms-ajax-form\" data-formid=\"3482\" method=\"post\" enctype=\"multipart\/form-data\" action=\"\/en\/wp-json\/wp\/v2\/pages\/2888\" data-token=\"8a360ad4e06262e3c16be564008930f6\" data-token-time=\"1775265306\"><noscript class=\"wpforms-error-noscript\">Please enable JavaScript in your browser to complete this form.<\/noscript><div class=\"wpforms-field-container\"><div id=\"wpforms-3482-field_0-container\" class=\"wpforms-field wpforms-field-name\" data-field-id=\"0\"><label class=\"wpforms-field-label\" for=\"wpforms-3482-field_0\">Nombre <span class=\"wpforms-required-label\">*<\/span><\/label><input type=\"text\" id=\"wpforms-3482-field_0\" class=\"wpforms-field-large wpforms-field-required\" name=\"wpforms[fields][0]\" required><\/div><div id=\"wpforms-3482-field_1-container\" class=\"wpforms-field wpforms-field-email\" data-field-id=\"1\"><label class=\"wpforms-field-label\" for=\"wpforms-3482-field_1\">Email <span class=\"wpforms-required-label\">*<\/span><\/label><input type=\"email\" id=\"wpforms-3482-field_1\" class=\"wpforms-field-large wpforms-field-required\" name=\"wpforms[fields][1]\" spellcheck=\"false\" required><\/div><div id=\"wpforms-3482-field_3-container\" class=\"wpforms-field wpforms-field-radio\" data-field-id=\"3\"><label class=\"wpforms-field-label\">\u00bfEn cu\u00e1l caba\u00f1a te gustar\u00eda quedarte? <span class=\"wpforms-required-label\">*<\/span><\/label><ul id=\"wpforms-3482-field_3\" class=\"wpforms-field-required\"><li class=\"choice-1 depth-1\"><input type=\"radio\" id=\"wpforms-3482-field_3_1\" name=\"wpforms[fields][3]\" value=\"Loft Industrial\" required ><label class=\"wpforms-field-label-inline\" for=\"wpforms-3482-field_3_1\">Loft Industrial<\/label><\/li><li class=\"choice-2 depth-1\"><input type=\"radio\" id=\"wpforms-3482-field_3_2\" name=\"wpforms[fields][3]\" value=\"San Sebasti\u00e1n\" required ><label class=\"wpforms-field-label-inline\" for=\"wpforms-3482-field_3_2\">San Sebasti\u00e1n<\/label><\/li><li class=\"choice-3 depth-1\"><input type=\"radio\" id=\"wpforms-3482-field_3_3\" name=\"wpforms[fields][3]\" value=\"Chalet de Paja\" required ><label class=\"wpforms-field-label-inline\" for=\"wpforms-3482-field_3_3\">Chalet de Paja<\/label><\/li><li class=\"choice-4 depth-1\"><input type=\"radio\" id=\"wpforms-3482-field_3_4\" name=\"wpforms[fields][3]\" value=\"El Estudio\" required ><label class=\"wpforms-field-label-inline\" for=\"wpforms-3482-field_3_4\">El Estudio<\/label><\/li><li class=\"choice-5 depth-1\"><input type=\"radio\" id=\"wpforms-3482-field_3_5\" name=\"wpforms[fields][3]\" value=\"La Casa Colonial\" required ><label class=\"wpforms-field-label-inline\" for=\"wpforms-3482-field_3_5\">La Casa Colonial<\/label><\/li><li class=\"choice-6 depth-1\"><input type=\"radio\" id=\"wpforms-3482-field_3_6\" name=\"wpforms[fields][3]\" value=\"La Casita de Thomas\" required ><label class=\"wpforms-field-label-inline\" for=\"wpforms-3482-field_3_6\">La Casita de Thomas<\/label><\/li><\/ul><\/div><div id=\"wpforms-3482-field_8-container\" class=\"wpforms-field wpforms-field-number\" data-field-id=\"8\"><label class=\"wpforms-field-label\" for=\"wpforms-3482-field_8\">N\u00famero de personas <span class=\"wpforms-required-label\">*<\/span><\/label><input type=\"number\" id=\"wpforms-3482-field_8\" class=\"wpforms-field-large wpforms-field-required\" name=\"wpforms[fields][8]\" step=\"any\" required><\/div><div id=\"wpforms-3482-field_9-container\" class=\"wpforms-field wpforms-field-text\" data-field-id=\"9\"><label class=\"wpforms-field-label\" for=\"wpforms-3482-field_9\">Fecha de llegada <span class=\"wpforms-required-label\">*<\/span><\/label><input type=\"text\" id=\"wpforms-3482-field_9\" class=\"wpforms-field-large wpforms-field-required\" name=\"wpforms[fields][9]\" required><\/div><div id=\"wpforms-3482-field_10-container\" class=\"wpforms-field wpforms-field-text\" data-field-id=\"10\"><label class=\"wpforms-field-label\" for=\"wpforms-3482-field_10\">Fecha de salida <span class=\"wpforms-required-label\">*<\/span><\/label><input type=\"text\" id=\"wpforms-3482-field_10\" class=\"wpforms-field-large wpforms-field-required\" name=\"wpforms[fields][10]\" required><\/div><div id=\"wpforms-3482-field_2-container\" class=\"wpforms-field wpforms-field-textarea\" data-field-id=\"2\"><label class=\"wpforms-field-label\" for=\"wpforms-3482-field_2\">M\u00e1s detalles de tu reserva<\/label><textarea id=\"wpforms-3482-field_2\" class=\"wpforms-field-medium\" name=\"wpforms[fields][2]\" ><\/textarea><\/div>\t\t<div id=\"wpforms-3482-field_4-container\"\n\t\t\tclass=\"wpforms-field wpforms-field-text\"\n\t\t\tdata-field-type=\"text\"\n\t\t\tdata-field-id=\"4\"\n\t\t\t>\n\t\t\t<label class=\"wpforms-field-label\" for=\"wpforms-3482-field_4\" >gustar\u00eda C\u00f3digo Fecha<\/label>\n\t\t\t<input type=\"text\" id=\"wpforms-3482-field_4\" class=\"wpforms-field-medium\" name=\"wpforms[fields][4]\" >\n\t\t<\/div>\n\t\t<div id=\"wpforms-3482-field_12-container\" class=\"wpforms-field wpforms-field-text\" data-field-id=\"12\"><label class=\"wpforms-field-label\" for=\"wpforms-3482-field_12\">C\u00f3digo de descuento<\/label><input type=\"text\" id=\"wpforms-3482-field_12\" class=\"wpforms-field-large\" name=\"wpforms[fields][12]\" ><\/div><script>\n\t\t\t\t( function() {\n\t\t\t\t\tconst style = document.createElement( 'style' );\n\t\t\t\t\tstyle.appendChild( document.createTextNode( '#wpforms-3482-field_4-container { position: absolute !important; overflow: hidden !important; display: inline !important; height: 1px !important; width: 1px !important; z-index: -1000 !important; padding: 0 !important; } #wpforms-3482-field_4-container input { visibility: hidden; } #wpforms-conversational-form-page #wpforms-3482-field_4-container label { counter-increment: none; }' ) );\n\t\t\t\t\tdocument.head.appendChild( style );\n\t\t\t\t\tdocument.currentScript?.remove();\n\t\t\t\t} )();\n\t\t\t<\/script><\/div><!-- .wpforms-field-container --><div class=\"wpforms-submit-container\" ><input type=\"hidden\" name=\"wpforms[id]\" value=\"3482\"><input type=\"hidden\" name=\"page_title\" value=\"\"><input type=\"hidden\" name=\"page_url\" value=\"https:\/\/lucianacabanasboutique.com\/en\/wp-json\/wp\/v2\/pages\/2888\"><input type=\"hidden\" name=\"url_referer\" value=\"\"><button type=\"submit\" name=\"wpforms[submit]\" id=\"wpforms-submit-3482\" class=\"wpforms-submit\" data-alt-text=\"Estamos preparando tu estad\u00eda...\" data-submit-text=\"Reservar\" aria-live=\"assertive\" value=\"wpforms-submit\">Reservar<\/button><img loading=\"lazy\" decoding=\"async\" src=\"https:\/\/lucianacabanasboutique.com\/wp-content\/plugins\/wpforms-lite\/assets\/images\/submit-spin.svg\" class=\"wpforms-submit-spinner\" style=\"display: none;\" width=\"26\" height=\"26\" alt=\"Loading\"><\/div><\/form><\/div>  <!-- .wpforms-container -->            <\/div>\r\n        <\/div>\r\n<\/div><\/div><div class = \"tatsu-column-bg-image-wrap\"><div class = \"tatsu-column-bg-image\" ><\/div><\/div><\/div><style>.tatsu-row > .tatsu-ryFSGB1wzt.tatsu-column{width: 56.3%;}.tatsu-ryFSGB1wzt.tatsu-column > .tatsu-column-inner > .tatsu-column-overlay{mix-blend-mode: none;}.tatsu-ryFSGB1wzt > .tatsu-column-inner > .tatsu-top-divider{z-index: 9999;}.tatsu-ryFSGB1wzt > .tatsu-column-inner > .tatsu-bottom-divider{z-index: 9999;}.tatsu-ryFSGB1wzt > .tatsu-column-inner > .tatsu-left-divider{z-index: 9999;}.tatsu-ryFSGB1wzt > .tatsu-column-inner > .tatsu-right-divider{z-index: 9999;}@media only screen and (max-width: 767px) {.tatsu-row > .tatsu-ryFSGB1wzt.tatsu-column{width: 100%;}}<\/style><\/div><\/div><\/div><\/div><div class=\"tatsu-section-background-wrap\"><div class = \"tatsu-section-background\" ><\/div><\/div><style>.tatsu-H1HfBkvMY .tatsu-section-pad{padding: 90px 0% 90px 0%;}.tatsu-H1HfBkvMY > .tatsu-bottom-divider{z-index: 9999;}.tatsu-H1HfBkvMY > .tatsu-top-divider{z-index: 9999;}<\/style><\/div>\n","protected":false},"excerpt":{"rendered":"<p><a href=\"https:\/\/lucianacabanasboutique.com\/en\/contacto\/\" class=\"more-link style2-button\">Read More<\/a><\/p>","protected":false},"author":1,"featured_media":0,"parent":0,"menu_order":0,"comment_status":"closed","ping_status":"closed","template":"","meta":{"footnotes":""},"class_list":["post-2888","page","type-page","status-publish","hentry"],"aioseo_notices":[],"_links":{"self":[{"href":"https:\/\/lucianacabanasboutique.com\/en\/wp-json\/wp\/v2\/pages\/2888","targetHints":{"allow":["GET"]}}],"collection":[{"href":"https:\/\/lucianacabanasboutique.com\/en\/wp-json\/wp\/v2\/pages"}],"about":[{"href":"https:\/\/lucianacabanasboutique.com\/en\/wp-json\/wp\/v2\/types\/page"}],"author":[{"embeddable":true,"href":"https:\/\/lucianacabanasboutique.com\/en\/wp-json\/wp\/v2\/users\/1"}],"replies":[{"embeddable":true,"href":"https:\/\/lucianacabanasboutique.com\/en\/wp-json\/wp\/v2\/comments?post=2888"}],"version-history":[{"count":8,"href":"https:\/\/lucianacabanasboutique.com\/en\/wp-json\/wp\/v2\/pages\/2888\/revisions"}],"predecessor-version":[{"id":5027,"href":"https:\/\/lucianacabanasboutique.com\/en\/wp-json\/wp\/v2\/pages\/2888\/revisions\/5027"}],"wp:attachment":[{"href":"https:\/\/lucianacabanasboutique.com\/en\/wp-json\/wp\/v2\/media?parent=2888"}],"curies":[{"name":"wp","href":"https:\/\/api.w.org\/{rel}","templated":true}]}}