{"id":119,"date":"2017-06-14T11:44:58","date_gmt":"2017-06-14T11:44:58","guid":{"rendered":"http:\/\/brandexponents.com\/oshin\/v31\/?page_id=119"},"modified":"2026-03-25T13:20:46","modified_gmt":"2026-03-25T13:20:46","slug":"cabanas","status":"publish","type":"page","link":"https:\/\/lucianacabanasboutique.com\/en\/cabanas\/","title":{"rendered":"Cabins"},"content":{"rendered":"<div  class=\"tatsu-fqp8z2cjwneyuffs tatsu-section  tatsu-bg-overlay   tatsu-clearfix\" data-title=\"\"  data-headerscheme=\"background--dark\"><div class='tatsu-section-pad clearfix' data-padding='{\"d\":\"150px 0% 149px 0%\"}' data-padding-top='150px'><div class=\"tatsu-row-wrap  tatsu-wrap tatsu-row-one-col tatsu-row-has-one-cols tatsu-medium-gutter tatsu-reg-cols  tatsu-clearfix tatsu-fqp8z2cjycb53puk\" ><div  class=\"tatsu-row \" ><div  class=\"tatsu-column  tatsu-column-no-bg tatsu-one-col tatsu-column-image-none tatsu-column-effect-none  tatsu-fqp8z2cjz2f36r6k\"  data-parallax-speed=\"0\" style=\"\"><div class=\"tatsu-column-inner \" ><div class=\"tatsu-column-pad-wrap\"><div class=\"tatsu-column-pad\" ><div  class=\"tatsu-module tatsu-inline-text clearfix tatsu-fqp8z2cjzz3ydp4r   \" ><style>.tatsu-fqp8z2cjzz3ydp4r .tatsu-inline-text-inner{width: 100%;text-align: center;}.tatsu-fqp8z2cjzz3ydp4r.tatsu-inline-text{margin: 0px 0px 10px 0px;}<\/style><div class=\"tatsu-inline-text-inner tatsu-align-center\">\n<h1><span style=\"color: #ffffff;\">Nuestras caba\u00f1as en Guateque, Boyac\u00e1<\/span><\/h1>\n<\/div><\/div><div  class=\"tatsu-svg-icon tatsu-module align-center  tatsu-line-animate small tatsu-H13B6Kd9n tatsu-svg-icon-default tatsu-svg-icon-plain  \" data-path-animation=\"EASE_IN\" data-svg-animation=\"EASE_IN\" data-animation-duration = \"300\"  data-animation = \"none\"   ><div class = \"tatsu-svg-icon-inner\"><a href=\"#cabanas\" class=\"tatsu-icon-wrap\" ><?xml version=\"1.0\" encoding=\"utf-8\"?>\r\n<!-- Generator: Adobe Illustrator 16.0.0, SVG Export Plug-In . SVG Version: 6.00 Build 0)  -->\r\n<!DOCTYPE svg PUBLIC \"-\/\/W3C\/\/DTD SVG 1.1\/\/EN\" \"http:\/\/www.w3.org\/Graphics\/SVG\/1.1\/DTD\/svg11.dtd\">\r\n<svg version=\"1.1\" id=\"Layer_1\" xmlns=\"http:\/\/www.w3.org\/2000\/svg\" xmlns:xlink=\"http:\/\/www.w3.org\/1999\/xlink\" x=\"0px\" y=\"0px\"\r\n\t width=\"64px\" height=\"64px\" viewBox=\"0 0 64 64\" enable-background=\"new 0 0 64 64\" xml:space=\"preserve\">\r\n<g>\r\n\t<line fill=\"none\" stroke=\"#000000\" stroke-width=\"2\" stroke-miterlimit=\"10\" x1=\"32\" y1=\"0\" x2=\"32\" y2=\"63\"\/>\r\n<\/g>\r\n<polyline fill=\"none\" stroke=\"#000000\" stroke-width=\"2\" stroke-linejoin=\"bevel\" stroke-miterlimit=\"10\" points=\"41,54 32,63 \r\n\t23,54 \"\/>\r\n<\/svg>\r\n<\/a><\/div><style>.tatsu-H13B6Kd9n svg{stroke-width: 2px;color: #ffffff ;}.tatsu-H13B6Kd9n.tatsu-module{margin: 0 0 30px 0;}<\/style><\/div><\/div><\/div><div class = \"tatsu-column-bg-image-wrap\"><div class = \"tatsu-column-bg-image\" ><\/div><\/div><\/div><style>.tatsu-row > .tatsu-fqp8z2cjz2f36r6k.tatsu-column{width: 100%;}.tatsu-fqp8z2cjz2f36r6k.tatsu-column > .tatsu-column-inner > .tatsu-column-overlay{mix-blend-mode: none;}.tatsu-fqp8z2cjz2f36r6k > .tatsu-column-inner > .tatsu-top-divider{z-index: 9999;}.tatsu-fqp8z2cjz2f36r6k > .tatsu-column-inner > .tatsu-bottom-divider{z-index: 9999;}.tatsu-fqp8z2cjz2f36r6k > .tatsu-column-inner > .tatsu-left-divider{z-index: 9999;}.tatsu-fqp8z2cjz2f36r6k > .tatsu-column-inner > .tatsu-right-divider{z-index: 9999;}@media only screen and (max-width:1377px) {.tatsu-row > .tatsu-fqp8z2cjz2f36r6k.tatsu-column{width: 100%;}}@media only screen and (min-width:768px) and (max-width: 1024px) {.tatsu-row > .tatsu-fqp8z2cjz2f36r6k.tatsu-column{width: 100%;}}@media only screen and (max-width: 767px) {.tatsu-row > .tatsu-fqp8z2cjz2f36r6k.tatsu-column{width: 100%;}}<\/style><\/div><\/div><\/div><\/div><div class=\"tatsu-section-background-wrap\"><div class = \"tatsu-section-background\" ><\/div><\/div><div class=\"tatsu-overlay tatsu-section-overlay\"><\/div><style>.tatsu-fqp8z2cjwneyuffs.tatsu-section{background-color: rgba(29,29,29,1);}.tatsu-fqp8z2cjwneyuffs .tatsu-section-background{background-image: url(http:\/\/lucianacabanasboutique.com\/wp-content\/uploads\/2021\/08\/NIV0852-scaled.jpg);background-repeat: no-repeat;background-attachment: scroll;background-position: bottom center;background-size: cover;}.tatsu-fqp8z2cjwneyuffs .tatsu-bg-blur{background-repeat: no-repeat;background-attachment: scroll;background-position: bottom center;background-size: cover;}.tatsu-fqp8z2cjwneyuffs{border-width: 0px 0px px 0px;border-style: solid;}.tatsu-fqp8z2cjwneyuffs .tatsu-section-pad{padding: 150px 0% 149px 0%;}.tatsu-fqp8z2cjwneyuffs > .tatsu-bottom-divider{z-index: 9999;}.tatsu-fqp8z2cjwneyuffs > .tatsu-top-divider{z-index: 9999;}.tatsu-fqp8z2cjwneyuffs .tatsu-section-overlay{background: rgba(0,0,0,0.6);mix-blend-mode: normal;}<\/style><\/div><div id=\"caba\u00f1as\" class=\"tatsu-SylRExouK tatsu-section    tatsu-clearfix\" data-title=\"caba\u00f1as\"  data-headerscheme=\"background--dark\"><div class='tatsu-section-pad clearfix' data-padding='{\"d\":\"0px 0px 0px 0px\"}' data-padding-top='0px'><div class=\"tatsu-row-wrap  tatsu-row-full-width tatsu-row-one-col tatsu-row-has-one-cols tatsu-medium-gutter tatsu-reg-cols  tatsu-clearfix tatsu-HkxxRExi_K\" ><div  class=\"tatsu-row \" ><div  class=\"tatsu-column  tatsu-column-no-bg tatsu-one-col tatsu-column-image-none tatsu-column-effect-none  tatsu-H1ZgREeoOF\"  data-parallax-speed=\"0\" style=\"\"><div class=\"tatsu-column-inner \" ><div class=\"tatsu-column-pad-wrap\"><div class=\"tatsu-column-pad\" ><div id = \"cabanas\" class = \"portfolio-all-wrap oshine-portfolio-module tatsu-HJmeANesuF cabanas\"  > <style>.tatsu-HJmeANesuF{margin: 0px 0px 0px 0px;}<\/style><div class=\"portfolio portfolio-delay-load full-screen  portfolio-lazy-load full-screen-gutter masonry_disable style2-gutter two-col \" data-animation = \"fadeIn\" data-action=\"get_ajax_full_screen_gutter_portfolio\" data-category=\"construction,design,interiors,landscaping,lighting,pool,chalet-de-paja,laluciana,san-sebastian,el-estudio,la-casa-colonial,la-casita-de-thomas\" data-aspect-ratio = \"1.6\" data-enable-masonry=\"0\" data-showposts=\"6\" data-paged=\"2\" data-col=\"two\" data-gallery=\"0\" data-filter=\"portfolio_categories\" data-meta_to_show=\"portfolio_tags\" data-show_filters=\"no\" data-thumbnail-bg-color=\"\" data-thumbnail-bg-gradient=\"background:rgba(0,0,0,0.2)\" data-title-style=\"style1\" data-placeholder-color=\"rgba(226,226,226,1)\" data-cat-color=\"rgba(255,255,255,1)\" data-title-color=\"rgba(255,255,255,1)\"  data-gutter-width=\"0\" data-img-grayscale=\"c_to_c\"\" data-gradient-style-color=\"background:rgba(0,0,0,0.2)\" data-cat-hide=\"0\" data-like-indicator=\"1\" style=\"margin-left: -0px;\"><div class=\"portfolio-container clickable clearfix portfolio-shortcode force-show-thumb-overlay fadeIn \"><div class=\"element be-hoverlay not-wide no-wide-width-height  c_to_c style1-title\"style=\"margin-bottom: 0px;\" data-category-names = \"\"><div class=\"element-inner\" style=\"margin-left: 0px;\"><a href=\"https:\/\/lucianacabanasboutique.com\/en\/portfolio\/la-casita-de-thomas\/\" class=\" thumb-wrap   \" data-gdpr-atts={} title=\"casita-thomas-01\" ><div class=\"flip-wrap\" ><div   style = \"padding-bottom : 62.5%;background-color:rgba(226,226,226,1);\" class=\"flip-img-wrap\"><img decoding=\"async\" src=\"https:\/\/lucianacabanasboutique.com\/wp-content\/uploads\/2026\/03\/casita-thomas-01-1000x625.jpeg\" alt=\"La Casita de Thomas - caba\u00f1a boutique rural en Guateque, Boyac\u00e1\"\/><\/div><\/div><div class=\"thumb-overlay \"><div class=\"thumb-bg \" style=\"background:rgba(0,0,0,0.2)\"><div class=\"thumb-title-wrap \"><div class=\"thumb-title animated animation-trigger\" data-animation-type=\"none\"style=\"color:rgba(255,255,255,1);\">La Casita de Thomas<\/div><\/div><\/div><\/div><\/a><\/div><\/div><div class=\"element be-hoverlay not-wide no-wide-width-height  c_to_c style1-title\"style=\"margin-bottom: 0px;\" data-category-names = \"\"><div class=\"element-inner\" style=\"margin-left: 0px;\"><a href=\"https:\/\/lucianacabanasboutique.com\/en\/portfolio\/el-estudio\/\" class=\" thumb-wrap   \" data-gdpr-atts={} title=\"el-estudio-cama-hamaca\" ><div class=\"flip-wrap\" ><div   style = \"padding-bottom : 62.5%;background-color:rgba(226,226,226,1);\" class=\"flip-img-wrap\"><img decoding=\"async\" src=\"https:\/\/lucianacabanasboutique.com\/wp-content\/uploads\/2026\/03\/el-estudio-cama-hamaca-1000x625.jpeg\" alt=\"Cama y hamaca en El Estudio, caba\u00f1a moderna en Guateque, Boyac\u00e1. Luciana Caba\u00f1as Boutique.\"\/><\/div><\/div><div class=\"thumb-overlay \"><div class=\"thumb-bg \" style=\"background:rgba(0,0,0,0.2)\"><div class=\"thumb-title-wrap \"><div class=\"thumb-title animated animation-trigger\" data-animation-type=\"none\"style=\"color:rgba(255,255,255,1);\">El Estudio<\/div><\/div><\/div><\/div><\/a><\/div><\/div><div class=\"element be-hoverlay not-wide no-wide-width-height  c_to_c style1-title\"style=\"margin-bottom: 0px;\" data-category-names = \"\"><div class=\"element-inner\" style=\"margin-left: 0px;\"><a href=\"https:\/\/lucianacabanasboutique.com\/en\/portfolio\/la-luciana-loft\/\" class=\" thumb-wrap   \" data-gdpr-atts={} title=\"Entrada al Loft Industrial\" ><div class=\"flip-wrap\" ><div   style = \"padding-bottom : 62.5%;background-color:rgba(226,226,226,1);\" class=\"flip-img-wrap\"><img decoding=\"async\" src=\"https:\/\/lucianacabanasboutique.com\/wp-content\/uploads\/2017\/06\/Sebastian-104-1000x625.jpg\" alt=\"Entrada al Loft Industrial\"\/><\/div><\/div><div class=\"thumb-overlay \"><div class=\"thumb-bg \" style=\"background:rgba(0,0,0,0.2)\"><div class=\"thumb-title-wrap \"><div class=\"thumb-title animated animation-trigger\" data-animation-type=\"none\"style=\"color:rgba(255,255,255,1);\">Loft Industrial<\/div><\/div><\/div><\/div><\/a><\/div><\/div><div class=\"element be-hoverlay not-wide no-wide-width-height  c_to_c style1-title\"style=\"margin-bottom: 0px;\" data-category-names = \"\"><div class=\"element-inner\" style=\"margin-left: 0px;\"><a href=\"https:\/\/lucianacabanasboutique.com\/en\/portfolio\/san-sebastian\/\" class=\" thumb-wrap   \" data-gdpr-atts={} title=\"Camino de piedra hacia la caba\u00f1a San Sebasti\u00e1n, hecha de madera, adobe y piedra en Guateque, Boyac\u00e1.\" ><div class=\"flip-wrap\" ><div   style = \"padding-bottom : 62.5%;background-color:rgba(226,226,226,1);\" class=\"flip-img-wrap\"><img decoding=\"async\" src=\"https:\/\/lucianacabanasboutique.com\/wp-content\/uploads\/2023\/06\/San-Sebastian-2023-225-1000x625.jpg\" alt=\"Camino de piedra hacia la caba\u00f1a San Sebasti\u00e1n, hecha de madera, adobe y piedra en Guateque, Boyac\u00e1.\"\/><\/div><\/div><div class=\"thumb-overlay \"><div class=\"thumb-bg \" style=\"background:rgba(0,0,0,0.2)\"><div class=\"thumb-title-wrap \"><div class=\"thumb-title animated animation-trigger\" data-animation-type=\"none\"style=\"color:rgba(255,255,255,1);\">San Sebasti\u00e1n<\/div><\/div><\/div><\/div><\/a><\/div><\/div><div class=\"element be-hoverlay not-wide no-wide-width-height  c_to_c style1-title\"style=\"margin-bottom: 0px;\" data-category-names = \"\"><div class=\"element-inner\" style=\"margin-left: 0px;\"><a href=\"https:\/\/lucianacabanasboutique.com\/en\/portfolio\/chalet-de-paja\/\" class=\" thumb-wrap   \" data-gdpr-atts={} title=\"El Estudio La Luciana Caba\u00f1as Boutique\" ><div class=\"flip-wrap\" ><div   style = \"padding-bottom : 62.5%;background-color:rgba(226,226,226,1);\" class=\"flip-img-wrap\"><img decoding=\"async\" src=\"https:\/\/lucianacabanasboutique.com\/wp-content\/uploads\/2023\/06\/San-Sebastian-2023-54-1000x625.jpg\" alt=\"Chalet de Paja rodeado de naturaleza.\"\/><\/div><\/div><div class=\"thumb-overlay \"><div class=\"thumb-bg \" style=\"background:rgba(0,0,0,0.2)\"><div class=\"thumb-title-wrap \"><div class=\"thumb-title animated animation-trigger\" data-animation-type=\"none\"style=\"color:rgba(255,255,255,1);\">Chalet de Paja<\/div><\/div><\/div><\/div><\/a><\/div><\/div><div class=\"element be-hoverlay not-wide no-wide-width-height  c_to_c style1-title\"style=\"margin-bottom: 0px;\" data-category-names = \"\"><div class=\"element-inner\" style=\"margin-left: 0px;\"><a href=\"https:\/\/lucianacabanasboutique.com\/en\/portfolio\/la-casa-colonial\/\" class=\" thumb-wrap   \" data-gdpr-atts={} title=\"casa-colonial-02\" ><div class=\"flip-wrap\" ><div   style = \"padding-bottom : 62.5%;background-color:rgba(226,226,226,1);\" class=\"flip-img-wrap\"><img decoding=\"async\" src=\"https:\/\/lucianacabanasboutique.com\/wp-content\/uploads\/2026\/03\/casa-colonial-02-1000x625.jpeg\" alt=\"La Casa Colonial - caba\u00f1a boutique en Guateque, Boyac\u00e1\"\/><\/div><\/div><div class=\"thumb-overlay \"><div class=\"thumb-bg \" style=\"background:rgba(0,0,0,0.2)\"><div class=\"thumb-title-wrap \"><div class=\"thumb-title animated animation-trigger\" data-animation-type=\"none\"style=\"color:rgba(255,255,255,1);\">La Casa Colonial<\/div><\/div><\/div><\/div><\/a><\/div><\/div><\/div><\/div><\/div><div  class=\"tatsu-module tatsu-normal-button tatsu-button-wrap align-block block-center  tatsu-SkEgRVgs_F   \"><a class=\"tatsu-shortcode blockbtn tatsu-button left-icon    bg-animation-slide-bottom  \" href=\"http:\/\/lucianacabanasboutique.com\/cabanas\/\" style= \"background-image: linear-gradient(to bottom, rgba(255,255,255,1) 50%, rgba(134,53,34,1) 50%);\"  aria-label=\"Nuestras caba\u00f1as\" data-gdpr-atts={} target=\"_blank\">Nuestras caba\u00f1as<\/a><style>.tatsu-SkEgRVgs_F .tatsu-button{color: rgba(134,53,34,1) ;}.tatsu-SkEgRVgs_F .tatsu-button:hover{color: rgba(255,255,255,1) ;}<\/style><\/div><\/div><\/div><div class = \"tatsu-column-bg-image-wrap\"><div class = \"tatsu-column-bg-image\" ><\/div><\/div><\/div><style>.tatsu-row > .tatsu-H1ZgREeoOF.tatsu-column{width: 100%;}.tatsu-H1ZgREeoOF.tatsu-column > .tatsu-column-inner > .tatsu-column-overlay{mix-blend-mode: none;}.tatsu-H1ZgREeoOF > .tatsu-column-inner > .tatsu-top-divider{z-index: 9999;}.tatsu-H1ZgREeoOF > .tatsu-column-inner > .tatsu-bottom-divider{z-index: 9999;}.tatsu-H1ZgREeoOF > .tatsu-column-inner > .tatsu-left-divider{z-index: 9999;}.tatsu-H1ZgREeoOF > .tatsu-column-inner > .tatsu-right-divider{z-index: 9999;}<\/style><\/div><\/div><\/div><\/div><div class=\"tatsu-section-background-wrap\"><div class = \"tatsu-section-background\" ><\/div><\/div><style>.tatsu-SylRExouK > .tatsu-bottom-divider{z-index: 9999;}.tatsu-SylRExouK > .tatsu-top-divider{z-index: 9999;}<\/style><\/div><div  class=\"tatsu-HkbbkSej_K tatsu-section  tatsu-bg-overlay   tatsu-clearfix\" data-title=\"\"  data-headerscheme=\"background--dark\"><div class='tatsu-section-pad clearfix' data-padding='{\"d\":\"70px 0px 150px 0px\"}' data-padding-top='70px'><div class=\"tatsu-row-wrap  tatsu-wrap tatsu-row-one-col tatsu-row-has-one-cols tatsu-medium-gutter tatsu-reg-cols  tatsu-clearfix tatsu-SJl-JHlidK\" ><div  class=\"tatsu-row \" ><div  class=\"tatsu-column  tatsu-bg-overlay tatsu-one-col tatsu-column-image-none tatsu-column-effect-none  tatsu-ryZkrlsdF\"  data-parallax-speed=\"0\" style=\"\"><div class=\"tatsu-column-inner \" ><div class=\"tatsu-column-pad-wrap\"><div class=\"tatsu-column-pad\" ><div  class=\"tatsu-module tatsu-animated-heading-wrap anime_slide_cursor  tatsu-ByQdG8yUt   \"  data-anime-type=\"anime_slide_cursor\" data-anime-duration=\"20\" ><div class=\"tatsu-animated-heading-inner-wrap\" ><h2 class=\"tatsu-animated-heading-inner\">Haz tu reserva<\/h2><span class=\"tatsu-animated-heading-line tatsu-animated-heading-line2\"><\/span><\/div><style>.tatsu-ByQdG8yUt.tatsu-animated-heading-wrap{text-align: left;}.tatsu-ByQdG8yUt .tatsu-animated-heading-inner{color: rgba(134,53,34,1) ;font-family : \"HK Grotesk\",-apple-system,BlinkMacSystemFont,'Segoe UI',Roboto,Oxygen-Sans,Ubuntu,Cantarell,'Helvetica Neue',sans-serif;font-weight : 700;text-transform : none;}.tatsu-ByQdG8yUt .tatsu-animated-heading-line{background: rgba(134,53,34,1);}<\/style><\/div><div  class=\"tatsu-module tatsu-inline-text clearfix tatsu-Hy65G8yLK   \" ><style>.tatsu-Hy65G8yLK .tatsu-inline-text-inner{width: 100%;text-align: left;}.tatsu-Hy65G8yLK.tatsu-inline-text .tatsu-inline-text-inner *{text-transform : none;font-size : 19px;}@media only screen and (max-width: 767px) {.tatsu-Hy65G8yLK .tatsu-inline-text-inner{width: 100%;}}<\/style><div class=\"tatsu-inline-text-inner tatsu-align-center\">\n<div class=\"tatsu-inline-text-inner tatsu-align-center\">\n<p>Te daremos toda la informaci&oacute;n que necesites.<\/p>\n<\/div>\n<\/div><\/div>        <div  class = \"tatsu-wp-forms tatsu-module  tatsu-HyDNML1UF \" >\r\n            <style>.tatsu-HyDNML1UF.tatsu-wp-forms .wpforms-container-full .wpforms-form input:not([type=\"submit\"]), \r\n                            .tatsu-HyDNML1UF.tatsu-wp-forms .wpforms-container-full .wpforms-form textarea, \r\n                            .tatsu-HyDNML1UF.tatsu-wp-forms div.wpforms-container-full .wpforms-form select{color: rgba(0,0,0,1) ;}.tatsu-HyDNML1UF.tatsu-wp-forms .wpforms-container-full .wpforms-form .wpforms-field-label, \r\n                            .tatsu-HyDNML1UF ::-webkit-input-placeholder,\r\n                            .tatsu-HyDNML1UF.tatsu-wp-forms .wpforms-container-full .wpforms-form .wpforms-field-label-inline{color: rgba(0,0,0,1) ;}.tatsu-HyDNML1UF.tatsu-wp-forms div.wpforms-container-full .wpforms-form button[type=submit]{background-color: rgba(134,53,34,1);}.tatsu-HyDNML1UF{border-width: 0px 0px 0px 0px;border-style: solid;}<\/style>            <div class = \"tatsu-wp-forms-inner tatsu-wp-form-border-with-underline tatsu-wp-form-submit-rounded-block\">\r\n                <div class=\"wpforms-container wpforms-container-full\" id=\"wpforms-3482\"><form id=\"wpforms-form-3482\" class=\"wpforms-validate wpforms-form wpforms-ajax-form\" data-formid=\"3482\" method=\"post\" enctype=\"multipart\/form-data\" action=\"\/en\/wp-json\/wp\/v2\/pages\/119\" data-token=\"8a360ad4e06262e3c16be564008930f6\" data-token-time=\"1775266327\"><noscript class=\"wpforms-error-noscript\">Please enable JavaScript in your browser to complete this form.<\/noscript><div class=\"wpforms-field-container\"><div id=\"wpforms-3482-field_0-container\" class=\"wpforms-field wpforms-field-name\" data-field-id=\"0\"><label class=\"wpforms-field-label\" for=\"wpforms-3482-field_0\">Nombre <span class=\"wpforms-required-label\">*<\/span><\/label><input type=\"text\" id=\"wpforms-3482-field_0\" class=\"wpforms-field-large wpforms-field-required\" name=\"wpforms[fields][0]\" required><\/div><div id=\"wpforms-3482-field_1-container\" class=\"wpforms-field wpforms-field-email\" data-field-id=\"1\"><label class=\"wpforms-field-label\" for=\"wpforms-3482-field_1\">Email <span class=\"wpforms-required-label\">*<\/span><\/label><input type=\"email\" id=\"wpforms-3482-field_1\" class=\"wpforms-field-large wpforms-field-required\" name=\"wpforms[fields][1]\" spellcheck=\"false\" required><\/div><div id=\"wpforms-3482-field_3-container\" class=\"wpforms-field wpforms-field-radio\" data-field-id=\"3\"><label class=\"wpforms-field-label\">\u00bfEn cu\u00e1l caba\u00f1a te gustar\u00eda quedarte? <span class=\"wpforms-required-label\">*<\/span><\/label><ul id=\"wpforms-3482-field_3\" class=\"wpforms-field-required\"><li class=\"choice-1 depth-1\"><input type=\"radio\" id=\"wpforms-3482-field_3_1\" name=\"wpforms[fields][3]\" value=\"Loft Industrial\" required ><label class=\"wpforms-field-label-inline\" for=\"wpforms-3482-field_3_1\">Loft Industrial<\/label><\/li><li class=\"choice-2 depth-1\"><input type=\"radio\" id=\"wpforms-3482-field_3_2\" name=\"wpforms[fields][3]\" value=\"San Sebasti\u00e1n\" required ><label class=\"wpforms-field-label-inline\" for=\"wpforms-3482-field_3_2\">San Sebasti\u00e1n<\/label><\/li><li class=\"choice-3 depth-1\"><input type=\"radio\" id=\"wpforms-3482-field_3_3\" name=\"wpforms[fields][3]\" value=\"Chalet de Paja\" required ><label class=\"wpforms-field-label-inline\" for=\"wpforms-3482-field_3_3\">Chalet de Paja<\/label><\/li><li class=\"choice-4 depth-1\"><input type=\"radio\" id=\"wpforms-3482-field_3_4\" name=\"wpforms[fields][3]\" value=\"El Estudio\" required ><label class=\"wpforms-field-label-inline\" for=\"wpforms-3482-field_3_4\">El Estudio<\/label><\/li><li class=\"choice-5 depth-1\"><input type=\"radio\" id=\"wpforms-3482-field_3_5\" name=\"wpforms[fields][3]\" value=\"La Casa Colonial\" required ><label class=\"wpforms-field-label-inline\" for=\"wpforms-3482-field_3_5\">La Casa Colonial<\/label><\/li><li class=\"choice-6 depth-1\"><input type=\"radio\" id=\"wpforms-3482-field_3_6\" name=\"wpforms[fields][3]\" value=\"La Casita de Thomas\" required ><label class=\"wpforms-field-label-inline\" for=\"wpforms-3482-field_3_6\">La Casita de Thomas<\/label><\/li><\/ul><\/div><div id=\"wpforms-3482-field_8-container\" class=\"wpforms-field wpforms-field-number\" data-field-id=\"8\"><label class=\"wpforms-field-label\" for=\"wpforms-3482-field_8\">N\u00famero de personas <span class=\"wpforms-required-label\">*<\/span><\/label><input type=\"number\" id=\"wpforms-3482-field_8\" class=\"wpforms-field-large wpforms-field-required\" name=\"wpforms[fields][8]\" step=\"any\" required><\/div><div id=\"wpforms-3482-field_9-container\" class=\"wpforms-field wpforms-field-text\" data-field-id=\"9\"><label class=\"wpforms-field-label\" for=\"wpforms-3482-field_9\">Fecha de llegada <span class=\"wpforms-required-label\">*<\/span><\/label><input type=\"text\" id=\"wpforms-3482-field_9\" class=\"wpforms-field-large wpforms-field-required\" name=\"wpforms[fields][9]\" required><\/div><div id=\"wpforms-3482-field_10-container\" class=\"wpforms-field wpforms-field-text\" data-field-id=\"10\"><label class=\"wpforms-field-label\" for=\"wpforms-3482-field_10\">Fecha de salida <span class=\"wpforms-required-label\">*<\/span><\/label><input type=\"text\" id=\"wpforms-3482-field_10\" class=\"wpforms-field-large wpforms-field-required\" name=\"wpforms[fields][10]\" required><\/div>\t\t<div id=\"wpforms-3482-field_4-container\"\n\t\t\tclass=\"wpforms-field wpforms-field-text\"\n\t\t\tdata-field-type=\"text\"\n\t\t\tdata-field-id=\"4\"\n\t\t\t>\n\t\t\t<label class=\"wpforms-field-label\" for=\"wpforms-3482-field_4\" >descuento C\u00f3digo \u00bfEn<\/label>\n\t\t\t<input type=\"text\" id=\"wpforms-3482-field_4\" class=\"wpforms-field-medium\" name=\"wpforms[fields][4]\" >\n\t\t<\/div>\n\t\t<div id=\"wpforms-3482-field_2-container\" class=\"wpforms-field wpforms-field-textarea\" data-field-id=\"2\"><label class=\"wpforms-field-label\" for=\"wpforms-3482-field_2\">M\u00e1s detalles de tu reserva<\/label><textarea id=\"wpforms-3482-field_2\" class=\"wpforms-field-medium\" name=\"wpforms[fields][2]\" ><\/textarea><\/div><div id=\"wpforms-3482-field_12-container\" class=\"wpforms-field wpforms-field-text\" data-field-id=\"12\"><label class=\"wpforms-field-label\" for=\"wpforms-3482-field_12\">C\u00f3digo de descuento<\/label><input type=\"text\" id=\"wpforms-3482-field_12\" class=\"wpforms-field-large\" name=\"wpforms[fields][12]\" ><\/div><script>\n\t\t\t\t( function() {\n\t\t\t\t\tconst style = document.createElement( 'style' );\n\t\t\t\t\tstyle.appendChild( document.createTextNode( '#wpforms-3482-field_4-container { position: absolute !important; overflow: hidden !important; display: inline !important; height: 1px !important; width: 1px !important; z-index: -1000 !important; padding: 0 !important; } #wpforms-3482-field_4-container input { visibility: hidden; } #wpforms-conversational-form-page #wpforms-3482-field_4-container label { counter-increment: none; }' ) );\n\t\t\t\t\tdocument.head.appendChild( style );\n\t\t\t\t\tdocument.currentScript?.remove();\n\t\t\t\t} )();\n\t\t\t<\/script><\/div><!-- .wpforms-field-container --><div class=\"wpforms-submit-container\" ><input type=\"hidden\" name=\"wpforms[id]\" value=\"3482\"><input type=\"hidden\" name=\"page_title\" value=\"\"><input type=\"hidden\" name=\"page_url\" value=\"https:\/\/lucianacabanasboutique.com\/en\/wp-json\/wp\/v2\/pages\/119\"><input type=\"hidden\" name=\"url_referer\" value=\"\"><button type=\"submit\" name=\"wpforms[submit]\" id=\"wpforms-submit-3482\" class=\"wpforms-submit\" data-alt-text=\"Estamos preparando tu estad\u00eda...\" data-submit-text=\"Reservar\" aria-live=\"assertive\" value=\"wpforms-submit\">Reservar<\/button><img loading=\"lazy\" decoding=\"async\" src=\"https:\/\/lucianacabanasboutique.com\/wp-content\/plugins\/wpforms-lite\/assets\/images\/submit-spin.svg\" class=\"wpforms-submit-spinner\" style=\"display: none;\" width=\"26\" height=\"26\" alt=\"Loading\"><\/div><\/form><\/div>  <!-- .wpforms-container -->            <\/div>\r\n        <\/div>\r\n<\/div><\/div><div class = \"tatsu-column-bg-image-wrap\"><div class = \"tatsu-column-bg-image\" ><\/div><\/div><div class=\"tatsu-overlay tatsu-column-overlay tatsu-animate-none\" ><\/div><\/div><style>.tatsu-row > .tatsu-ryZkrlsdF.tatsu-column{width: 100%;}.tatsu-ryZkrlsdF.tatsu-column > .tatsu-column-inner > .tatsu-column-overlay{mix-blend-mode: normal;}.tatsu-ryZkrlsdF > .tatsu-column-inner > .tatsu-top-divider{z-index: 9999;}.tatsu-ryZkrlsdF > .tatsu-column-inner > .tatsu-bottom-divider{z-index: 9999;}.tatsu-ryZkrlsdF > .tatsu-column-inner > .tatsu-left-divider{z-index: 9999;}.tatsu-ryZkrlsdF > .tatsu-column-inner > .tatsu-right-divider{z-index: 9999;}@media only screen and (max-width:1377px) {.tatsu-row > .tatsu-ryZkrlsdF.tatsu-column{width: 100%;}}@media only screen and (min-width:768px) and (max-width: 1024px) {.tatsu-row > .tatsu-ryZkrlsdF.tatsu-column{width: 100%;}}@media only screen and (max-width: 767px) {.tatsu-row > .tatsu-ryZkrlsdF.tatsu-column{width: 100%;}}<\/style><\/div><\/div><\/div><\/div><div class=\"tatsu-section-background-wrap\"><div class = \"tatsu-section-background\" ><\/div><\/div><div class=\"tatsu-overlay tatsu-section-overlay\"><\/div><style>.tatsu-HkbbkSej_K .tatsu-section-pad{padding: 70px 0px 150px 0px;}.tatsu-HkbbkSej_K .tatsu-section-offset-wrap{transform: translateY(-0px);}.tatsu-HkbbkSej_K > .tatsu-bottom-divider{z-index: 9999;}.tatsu-HkbbkSej_K > .tatsu-top-divider{z-index: 9999;}.tatsu-HkbbkSej_K .tatsu-section-overlay{mix-blend-mode: normal;}<\/style><\/div>\n","protected":false},"excerpt":{"rendered":"<p><a href=\"https:\/\/lucianacabanasboutique.com\/en\/portfolio\/la-casa-colonial\/\" class=\"more-link style2-button\">Read More<\/a><\/p>","protected":false},"author":1,"featured_media":0,"parent":0,"menu_order":0,"comment_status":"closed","ping_status":"closed","template":"","meta":{"footnotes":""},"class_list":["post-119","page","type-page","status-publish","hentry"],"aioseo_notices":[],"_links":{"self":[{"href":"https:\/\/lucianacabanasboutique.com\/en\/wp-json\/wp\/v2\/pages\/119","targetHints":{"allow":["GET"]}}],"collection":[{"href":"https:\/\/lucianacabanasboutique.com\/en\/wp-json\/wp\/v2\/pages"}],"about":[{"href":"https:\/\/lucianacabanasboutique.com\/en\/wp-json\/wp\/v2\/types\/page"}],"author":[{"embeddable":true,"href":"https:\/\/lucianacabanasboutique.com\/en\/wp-json\/wp\/v2\/users\/1"}],"replies":[{"embeddable":true,"href":"https:\/\/lucianacabanasboutique.com\/en\/wp-json\/wp\/v2\/comments?post=119"}],"version-history":[{"count":11,"href":"https:\/\/lucianacabanasboutique.com\/en\/wp-json\/wp\/v2\/pages\/119\/revisions"}],"predecessor-version":[{"id":4841,"href":"https:\/\/lucianacabanasboutique.com\/en\/wp-json\/wp\/v2\/pages\/119\/revisions\/4841"}],"wp:attachment":[{"href":"https:\/\/lucianacabanasboutique.com\/en\/wp-json\/wp\/v2\/media?parent=119"}],"curies":[{"name":"wp","href":"https:\/\/api.w.org\/{rel}","templated":true}]}}